{"id":11,"date":"2020-09-05T17:04:19","date_gmt":"2020-09-05T15:04:19","guid":{"rendered":"http:\/\/dronesalpesservices.fr\/?page_id=11"},"modified":"2020-09-07T13:29:05","modified_gmt":"2020-09-07T11:29:05","slug":"un-reseau-de-competences","status":"publish","type":"page","link":"https:\/\/dronesalpesservices.fr\/index.php\/un-reseau-de-competences\/","title":{"rendered":"Un r\u00e9seau de comp\u00e9tences"},"content":{"rendered":"\t\t<div data-elementor-type=\"wp-page\" data-elementor-id=\"11\" class=\"elementor elementor-11\" data-elementor-settings=\"[]\">\n\t\t\t\t\t\t<div class=\"elementor-inner\">\n\t\t\t\t\t\t\t<div class=\"elementor-section-wrap\">\n\t\t\t\t\t\t\t<section class=\"elementor-section elementor-top-section elementor-element elementor-element-fe5af62 elementor-section-boxed elementor-section-height-default elementor-section-height-default\" data-id=\"fe5af62\" data-element_type=\"section\">\n\t\t\t\t\t\t<div class=\"elementor-container elementor-column-gap-default\">\n\t\t\t\t\t\t\t<div class=\"elementor-row\">\n\t\t\t\t\t<div class=\"elementor-column elementor-col-100 elementor-top-column elementor-element elementor-element-6f5055c\" data-id=\"6f5055c\" data-element_type=\"column\">\n\t\t\t<div class=\"elementor-column-wrap elementor-element-populated\">\n\t\t\t\t\t\t\t<div class=\"elementor-widget-wrap\">\n\t\t\t\t\t\t<div class=\"elementor-element elementor-element-a8e5ec7 elementor-widget elementor-widget-text-editor\" data-id=\"a8e5ec7\" data-element_type=\"widget\" data-widget_type=\"text-editor.default\">\n\t\t\t\t<div class=\"elementor-widget-container\">\n\t\t\t\t\t<div class=\"elementor-text-editor elementor-clearfix\"><p style=\"text-align: center;\">Bienvenu dans un monde innovant et performant<\/p><\/div>\n\t\t\t\t<\/div>\n\t\t\t\t<\/div>\n\t\t\t\t\t\t<\/div>\n\t\t\t\t\t<\/div>\n\t\t<\/div>\n\t\t\t\t\t\t\t\t<\/div>\n\t\t\t\t\t<\/div>\n\t\t<\/section>\n\t\t\t\t<section class=\"elementor-section elementor-top-section elementor-element elementor-element-3ab5bb4 elementor-section-boxed elementor-section-height-default elementor-section-height-default\" data-id=\"3ab5bb4\" data-element_type=\"section\">\n\t\t\t\t\t\t<div class=\"elementor-container elementor-column-gap-default\">\n\t\t\t\t\t\t\t<div class=\"elementor-row\">\n\t\t\t\t\t<div class=\"elementor-column elementor-col-100 elementor-top-column elementor-element elementor-element-359f11d\" data-id=\"359f11d\" data-element_type=\"column\">\n\t\t\t<div class=\"elementor-column-wrap elementor-element-populated\">\n\t\t\t\t\t\t\t<div class=\"elementor-widget-wrap\">\n\t\t\t\t\t\t<div class=\"elementor-element elementor-element-4f63e68 elementor-widget elementor-widget-text-editor\" data-id=\"4f63e68\" data-element_type=\"widget\" data-widget_type=\"text-editor.default\">\n\t\t\t\t<div class=\"elementor-widget-container\">\n\t\t\t\t\t<div class=\"elementor-text-editor elementor-clearfix\"><h2 style=\"text-align: center;\">Notre r\u00e9seau de t\u00e9l\u00e9-pilotes professionnels certifi\u00e9s aupr\u00e8s de la DGAC et d&rsquo;experts pluridisciplinaires est organis\u00e9 autour de 3 p\u00f4les:<\/h2>\n<h2 style=\"text-align: center;\">BTP<\/h2>\n<h2 style=\"text-align: center;\">M\u00e9dia- Event<\/h2>\n<h2 style=\"text-align: center;\">Conseil &#8211; Formation<\/h2><\/div>\n\t\t\t\t<\/div>\n\t\t\t\t<\/div>\n\t\t\t\t<div class=\"elementor-element elementor-element-59b34f6 elementor-widget elementor-widget-divider\" data-id=\"59b34f6\" data-element_type=\"widget\" data-widget_type=\"divider.default\">\n\t\t\t\t<div class=\"elementor-widget-container\">\n\t\t\t\t\t<div class=\"elementor-divider\">\n\t\t\t<span class=\"elementor-divider-separator\">\n\t\t\t\t\t\t<\/span>\n\t\t<\/div>\n\t\t\t\t<\/div>\n\t\t\t\t<\/div>\n\t\t\t\t\t\t<\/div>\n\t\t\t\t\t<\/div>\n\t\t<\/div>\n\t\t\t\t\t\t\t\t<\/div>\n\t\t\t\t\t<\/div>\n\t\t<\/section>\n\t\t\t\t<section class=\"elementor-section elementor-top-section elementor-element elementor-element-d1ec598 elementor-section-boxed elementor-section-height-default elementor-section-height-default\" data-id=\"d1ec598\" data-element_type=\"section\">\n\t\t\t\t\t\t<div class=\"elementor-container elementor-column-gap-default\">\n\t\t\t\t\t\t\t<div class=\"elementor-row\">\n\t\t\t\t\t<div class=\"elementor-column elementor-col-50 elementor-top-column elementor-element elementor-element-cbdf73c\" data-id=\"cbdf73c\" data-element_type=\"column\">\n\t\t\t<div class=\"elementor-column-wrap elementor-element-populated\">\n\t\t\t\t\t\t\t<div class=\"elementor-widget-wrap\">\n\t\t\t\t\t\t<div class=\"elementor-element elementor-element-37e43d5 elementor-widget elementor-widget-image\" data-id=\"37e43d5\" data-element_type=\"widget\" data-widget_type=\"image.default\">\n\t\t\t\t<div class=\"elementor-widget-container\">\n\t\t\t\t\t<div class=\"elementor-image\">\n\t\t\t\t\t\t\t\t\t\t<img width=\"300\" height=\"450\" src=\"https:\/\/dronesalpesservices.fr\/wp-content\/uploads\/2020\/09\/Reperage-Drones-Alpes-Services.jpg\" class=\"attachment-large size-large\" alt=\"\" loading=\"lazy\" srcset=\"https:\/\/dronesalpesservices.fr\/wp-content\/uploads\/2020\/09\/Reperage-Drones-Alpes-Services.jpg 300w, https:\/\/dronesalpesservices.fr\/wp-content\/uploads\/2020\/09\/Reperage-Drones-Alpes-Services-200x300.jpg 200w, https:\/\/dronesalpesservices.fr\/wp-content\/uploads\/2020\/09\/Reperage-Drones-Alpes-Services-150x225.jpg 150w, https:\/\/dronesalpesservices.fr\/wp-content\/uploads\/2020\/09\/Reperage-Drones-Alpes-Services-100x150.jpg 100w\" sizes=\"(max-width: 300px) 100vw, 300px\" \/>\t\t\t\t\t\t\t\t\t\t\t<\/div>\n\t\t\t\t<\/div>\n\t\t\t\t<\/div>\n\t\t\t\t\t\t<\/div>\n\t\t\t\t\t<\/div>\n\t\t<\/div>\n\t\t\t\t<div class=\"elementor-column elementor-col-50 elementor-top-column elementor-element elementor-element-5223b49\" data-id=\"5223b49\" data-element_type=\"column\">\n\t\t\t<div class=\"elementor-column-wrap elementor-element-populated\">\n\t\t\t\t\t\t\t<div class=\"elementor-widget-wrap\">\n\t\t\t\t\t\t<div class=\"elementor-element elementor-element-2a12b88 elementor-widget elementor-widget-image\" data-id=\"2a12b88\" data-element_type=\"widget\" data-widget_type=\"image.default\">\n\t\t\t\t<div class=\"elementor-widget-container\">\n\t\t\t\t\t<div class=\"elementor-image\">\n\t\t\t\t\t\t\t\t\t\t<img width=\"300\" height=\"450\" src=\"https:\/\/dronesalpesservices.fr\/wp-content\/uploads\/2020\/09\/Phd-en-reperage-300-450.jpg\" class=\"attachment-large size-large\" alt=\"\" loading=\"lazy\" srcset=\"https:\/\/dronesalpesservices.fr\/wp-content\/uploads\/2020\/09\/Phd-en-reperage-300-450.jpg 300w, https:\/\/dronesalpesservices.fr\/wp-content\/uploads\/2020\/09\/Phd-en-reperage-300-450-200x300.jpg 200w, https:\/\/dronesalpesservices.fr\/wp-content\/uploads\/2020\/09\/Phd-en-reperage-300-450-150x225.jpg 150w, https:\/\/dronesalpesservices.fr\/wp-content\/uploads\/2020\/09\/Phd-en-reperage-300-450-100x150.jpg 100w\" sizes=\"(max-width: 300px) 100vw, 300px\" \/>\t\t\t\t\t\t\t\t\t\t\t<\/div>\n\t\t\t\t<\/div>\n\t\t\t\t<\/div>\n\t\t\t\t\t\t<\/div>\n\t\t\t\t\t<\/div>\n\t\t<\/div>\n\t\t\t\t\t\t\t\t<\/div>\n\t\t\t\t\t<\/div>\n\t\t<\/section>\n\t\t\t\t<section class=\"elementor-section elementor-top-section elementor-element elementor-element-5dabbd6 elementor-section-boxed elementor-section-height-default elementor-section-height-default\" data-id=\"5dabbd6\" data-element_type=\"section\">\n\t\t\t\t\t\t<div class=\"elementor-container elementor-column-gap-default\">\n\t\t\t\t\t\t\t<div class=\"elementor-row\">\n\t\t\t\t\t<div class=\"elementor-column elementor-col-25 elementor-top-column elementor-element elementor-element-5980c8d\" data-id=\"5980c8d\" data-element_type=\"column\">\n\t\t\t<div class=\"elementor-column-wrap elementor-element-populated\">\n\t\t\t\t\t\t\t<div class=\"elementor-widget-wrap\">\n\t\t\t\t\t\t<div class=\"elementor-element elementor-element-0531b63 elementor-widget elementor-widget-image\" data-id=\"0531b63\" data-element_type=\"widget\" data-widget_type=\"image.default\">\n\t\t\t\t<div class=\"elementor-widget-container\">\n\t\t\t\t\t<div class=\"elementor-image\">\n\t\t\t\t\t\t\t\t\t\t<img width=\"300\" height=\"200\" src=\"https:\/\/dronesalpesservices.fr\/wp-content\/uploads\/2020\/09\/20181018_PhD-Drone-Formation-DIA-bis-300-200-1.jpg\" class=\"attachment-large size-large\" alt=\"\" loading=\"lazy\" srcset=\"https:\/\/dronesalpesservices.fr\/wp-content\/uploads\/2020\/09\/20181018_PhD-Drone-Formation-DIA-bis-300-200-1.jpg 300w, https:\/\/dronesalpesservices.fr\/wp-content\/uploads\/2020\/09\/20181018_PhD-Drone-Formation-DIA-bis-300-200-1-150x100.jpg 150w, https:\/\/dronesalpesservices.fr\/wp-content\/uploads\/2020\/09\/20181018_PhD-Drone-Formation-DIA-bis-300-200-1-100x67.jpg 100w\" sizes=\"(max-width: 300px) 100vw, 300px\" \/>\t\t\t\t\t\t\t\t\t\t\t<\/div>\n\t\t\t\t<\/div>\n\t\t\t\t<\/div>\n\t\t\t\t\t\t<\/div>\n\t\t\t\t\t<\/div>\n\t\t<\/div>\n\t\t\t\t<div class=\"elementor-column elementor-col-25 elementor-top-column elementor-element elementor-element-9af83b3\" data-id=\"9af83b3\" data-element_type=\"column\">\n\t\t\t<div class=\"elementor-column-wrap elementor-element-populated\">\n\t\t\t\t\t\t\t<div class=\"elementor-widget-wrap\">\n\t\t\t\t\t\t<div class=\"elementor-element elementor-element-dac5e17 elementor-widget elementor-widget-image\" data-id=\"dac5e17\" data-element_type=\"widget\" data-widget_type=\"image.default\">\n\t\t\t\t<div class=\"elementor-widget-container\">\n\t\t\t\t\t<div class=\"elementor-image\">\n\t\t\t\t\t\t\t\t\t\t<img width=\"300\" height=\"200\" src=\"https:\/\/dronesalpesservices.fr\/wp-content\/uploads\/2020\/09\/DJI_0124-Denis-PHD-Fusee-300.jpg\" class=\"attachment-large size-large\" alt=\"\" loading=\"lazy\" srcset=\"https:\/\/dronesalpesservices.fr\/wp-content\/uploads\/2020\/09\/DJI_0124-Denis-PHD-Fusee-300.jpg 300w, https:\/\/dronesalpesservices.fr\/wp-content\/uploads\/2020\/09\/DJI_0124-Denis-PHD-Fusee-300-150x100.jpg 150w, https:\/\/dronesalpesservices.fr\/wp-content\/uploads\/2020\/09\/DJI_0124-Denis-PHD-Fusee-300-100x67.jpg 100w\" sizes=\"(max-width: 300px) 100vw, 300px\" \/>\t\t\t\t\t\t\t\t\t\t\t<\/div>\n\t\t\t\t<\/div>\n\t\t\t\t<\/div>\n\t\t\t\t\t\t<\/div>\n\t\t\t\t\t<\/div>\n\t\t<\/div>\n\t\t\t\t<div class=\"elementor-column elementor-col-25 elementor-top-column elementor-element elementor-element-a09448c\" data-id=\"a09448c\" data-element_type=\"column\">\n\t\t\t<div class=\"elementor-column-wrap elementor-element-populated\">\n\t\t\t\t\t\t\t<div class=\"elementor-widget-wrap\">\n\t\t\t\t\t\t<div class=\"elementor-element elementor-element-68f5e76 elementor-widget elementor-widget-image\" data-id=\"68f5e76\" data-element_type=\"widget\" data-widget_type=\"image.default\">\n\t\t\t\t<div class=\"elementor-widget-container\">\n\t\t\t\t\t<div class=\"elementor-image\">\n\t\t\t\t\t\t\t\t\t\t<img width=\"300\" height=\"200\" src=\"https:\/\/dronesalpesservices.fr\/wp-content\/uploads\/2020\/09\/DJI_0312-Fabrice-Philippe-Phantom4-Chantier-Gresy-PA-La-Source-300-200.jpg\" class=\"attachment-large size-large\" alt=\"\" loading=\"lazy\" srcset=\"https:\/\/dronesalpesservices.fr\/wp-content\/uploads\/2020\/09\/DJI_0312-Fabrice-Philippe-Phantom4-Chantier-Gresy-PA-La-Source-300-200.jpg 300w, https:\/\/dronesalpesservices.fr\/wp-content\/uploads\/2020\/09\/DJI_0312-Fabrice-Philippe-Phantom4-Chantier-Gresy-PA-La-Source-300-200-150x100.jpg 150w, https:\/\/dronesalpesservices.fr\/wp-content\/uploads\/2020\/09\/DJI_0312-Fabrice-Philippe-Phantom4-Chantier-Gresy-PA-La-Source-300-200-100x67.jpg 100w\" sizes=\"(max-width: 300px) 100vw, 300px\" \/>\t\t\t\t\t\t\t\t\t\t\t<\/div>\n\t\t\t\t<\/div>\n\t\t\t\t<\/div>\n\t\t\t\t\t\t<\/div>\n\t\t\t\t\t<\/div>\n\t\t<\/div>\n\t\t\t\t<div class=\"elementor-column elementor-col-25 elementor-top-column elementor-element elementor-element-517248d\" data-id=\"517248d\" data-element_type=\"column\">\n\t\t\t<div class=\"elementor-column-wrap elementor-element-populated\">\n\t\t\t\t\t\t\t<div class=\"elementor-widget-wrap\">\n\t\t\t\t\t\t<div class=\"elementor-element elementor-element-9510b0c elementor-widget elementor-widget-image\" data-id=\"9510b0c\" data-element_type=\"widget\" data-widget_type=\"image.default\">\n\t\t\t\t<div class=\"elementor-widget-container\">\n\t\t\t\t\t<div class=\"elementor-image\">\n\t\t\t\t\t\t\t\t\t\t<img width=\"300\" height=\"200\" src=\"https:\/\/dronesalpesservices.fr\/wp-content\/uploads\/2020\/09\/IMGP8982-Emmanuel.jpg\" class=\"attachment-large size-large\" alt=\"\" loading=\"lazy\" srcset=\"https:\/\/dronesalpesservices.fr\/wp-content\/uploads\/2020\/09\/IMGP8982-Emmanuel.jpg 300w, https:\/\/dronesalpesservices.fr\/wp-content\/uploads\/2020\/09\/IMGP8982-Emmanuel-150x100.jpg 150w, https:\/\/dronesalpesservices.fr\/wp-content\/uploads\/2020\/09\/IMGP8982-Emmanuel-100x67.jpg 100w\" sizes=\"(max-width: 300px) 100vw, 300px\" \/>\t\t\t\t\t\t\t\t\t\t\t<\/div>\n\t\t\t\t<\/div>\n\t\t\t\t<\/div>\n\t\t\t\t\t\t<\/div>\n\t\t\t\t\t<\/div>\n\t\t<\/div>\n\t\t\t\t\t\t\t\t<\/div>\n\t\t\t\t\t<\/div>\n\t\t<\/section>\n\t\t\t\t<section class=\"elementor-section elementor-top-section elementor-element elementor-element-8080e5f elementor-section-boxed elementor-section-height-default elementor-section-height-default\" data-id=\"8080e5f\" data-element_type=\"section\">\n\t\t\t\t\t\t<div class=\"elementor-container elementor-column-gap-default\">\n\t\t\t\t\t\t\t<div class=\"elementor-row\">\n\t\t\t\t\t<div class=\"elementor-column elementor-col-100 elementor-top-column elementor-element elementor-element-589eb52\" data-id=\"589eb52\" data-element_type=\"column\">\n\t\t\t<div class=\"elementor-column-wrap elementor-element-populated\">\n\t\t\t\t\t\t\t<div class=\"elementor-widget-wrap\">\n\t\t\t\t\t\t<div class=\"elementor-element elementor-element-0d69a5c elementor-widget elementor-widget-divider\" data-id=\"0d69a5c\" data-element_type=\"widget\" data-widget_type=\"divider.default\">\n\t\t\t\t<div class=\"elementor-widget-container\">\n\t\t\t\t\t<div class=\"elementor-divider\">\n\t\t\t<span class=\"elementor-divider-separator\">\n\t\t\t\t\t\t<\/span>\n\t\t<\/div>\n\t\t\t\t<\/div>\n\t\t\t\t<\/div>\n\t\t\t\t<div class=\"elementor-element elementor-element-7a404be elementor-widget elementor-widget-image\" data-id=\"7a404be\" data-element_type=\"widget\" data-widget_type=\"image.default\">\n\t\t\t\t<div class=\"elementor-widget-container\">\n\t\t\t\t\t<div class=\"elementor-image\">\n\t\t\t\t\t\t\t\t\t\t<img width=\"300\" height=\"424\" src=\"https:\/\/dronesalpesservices.fr\/wp-content\/uploads\/2020\/09\/Philippe-Donadon-Logiciel-Photogrammetrie-PIX4D-Certificat.jpg\" class=\"attachment-large size-large\" alt=\"\" loading=\"lazy\" srcset=\"https:\/\/dronesalpesservices.fr\/wp-content\/uploads\/2020\/09\/Philippe-Donadon-Logiciel-Photogrammetrie-PIX4D-Certificat.jpg 300w, https:\/\/dronesalpesservices.fr\/wp-content\/uploads\/2020\/09\/Philippe-Donadon-Logiciel-Photogrammetrie-PIX4D-Certificat-212x300.jpg 212w, https:\/\/dronesalpesservices.fr\/wp-content\/uploads\/2020\/09\/Philippe-Donadon-Logiciel-Photogrammetrie-PIX4D-Certificat-150x212.jpg 150w, https:\/\/dronesalpesservices.fr\/wp-content\/uploads\/2020\/09\/Philippe-Donadon-Logiciel-Photogrammetrie-PIX4D-Certificat-100x141.jpg 100w\" sizes=\"(max-width: 300px) 100vw, 300px\" \/>\t\t\t\t\t\t\t\t\t\t\t<\/div>\n\t\t\t\t<\/div>\n\t\t\t\t<\/div>\n\t\t\t\t\t\t<\/div>\n\t\t\t\t\t<\/div>\n\t\t<\/div>\n\t\t\t\t\t\t\t\t<\/div>\n\t\t\t\t\t<\/div>\n\t\t<\/section>\n\t\t\t\t<section class=\"elementor-section elementor-top-section elementor-element elementor-element-df9ea22 elementor-section-boxed elementor-section-height-default elementor-section-height-default\" data-id=\"df9ea22\" data-element_type=\"section\">\n\t\t\t\t\t\t<div class=\"elementor-container elementor-column-gap-default\">\n\t\t\t\t\t\t\t<div class=\"elementor-row\">\n\t\t\t\t\t<div class=\"elementor-column elementor-col-50 elementor-top-column elementor-element elementor-element-41d25d2\" data-id=\"41d25d2\" data-element_type=\"column\">\n\t\t\t<div class=\"elementor-column-wrap elementor-element-populated\">\n\t\t\t\t\t\t\t<div class=\"elementor-widget-wrap\">\n\t\t\t\t\t\t<div class=\"elementor-element elementor-element-df77e9c elementor-widget elementor-widget-image\" data-id=\"df77e9c\" data-element_type=\"widget\" data-widget_type=\"image.default\">\n\t\t\t\t<div class=\"elementor-widget-container\">\n\t\t\t\t\t<div class=\"elementor-image\">\n\t\t\t\t\t\t\t\t\t\t<img width=\"505\" height=\"337\" src=\"https:\/\/dronesalpesservices.fr\/wp-content\/uploads\/2020\/09\/DJI_0312-Fabrice-Philippe-Phantom4-Chantier-Gresy-600-e1599424085866.jpg\" class=\"attachment-large size-large\" alt=\"\" loading=\"lazy\" srcset=\"https:\/\/dronesalpesservices.fr\/wp-content\/uploads\/2020\/09\/DJI_0312-Fabrice-Philippe-Phantom4-Chantier-Gresy-600-e1599424085866.jpg 505w, https:\/\/dronesalpesservices.fr\/wp-content\/uploads\/2020\/09\/DJI_0312-Fabrice-Philippe-Phantom4-Chantier-Gresy-600-e1599424085866-300x200.jpg 300w, https:\/\/dronesalpesservices.fr\/wp-content\/uploads\/2020\/09\/DJI_0312-Fabrice-Philippe-Phantom4-Chantier-Gresy-600-e1599424085866-400x267.jpg 400w, https:\/\/dronesalpesservices.fr\/wp-content\/uploads\/2020\/09\/DJI_0312-Fabrice-Philippe-Phantom4-Chantier-Gresy-600-e1599424085866-430x287.jpg 430w, https:\/\/dronesalpesservices.fr\/wp-content\/uploads\/2020\/09\/DJI_0312-Fabrice-Philippe-Phantom4-Chantier-Gresy-600-e1599424085866-150x100.jpg 150w, https:\/\/dronesalpesservices.fr\/wp-content\/uploads\/2020\/09\/DJI_0312-Fabrice-Philippe-Phantom4-Chantier-Gresy-600-e1599424085866-100x67.jpg 100w\" sizes=\"(max-width: 505px) 100vw, 505px\" \/>\t\t\t\t\t\t\t\t\t\t\t<\/div>\n\t\t\t\t<\/div>\n\t\t\t\t<\/div>\n\t\t\t\t\t\t<\/div>\n\t\t\t\t\t<\/div>\n\t\t<\/div>\n\t\t\t\t<div class=\"elementor-column elementor-col-50 elementor-top-column elementor-element elementor-element-7d3091c\" data-id=\"7d3091c\" data-element_type=\"column\">\n\t\t\t<div class=\"elementor-column-wrap elementor-element-populated\">\n\t\t\t\t\t\t\t<div class=\"elementor-widget-wrap\">\n\t\t\t\t\t\t<div class=\"elementor-element elementor-element-9a24b61 elementor-widget elementor-widget-image\" data-id=\"9a24b61\" data-element_type=\"widget\" data-widget_type=\"image.default\">\n\t\t\t\t<div class=\"elementor-widget-container\">\n\t\t\t\t\t<div class=\"elementor-image\">\n\t\t\t\t\t\t\t\t\t\t<img width=\"507\" height=\"336\" src=\"https:\/\/dronesalpesservices.fr\/wp-content\/uploads\/2020\/09\/Mission-inspection-toiture-par-drone-Photogrammetrie-fb-AIX-LES-BAINS-506-337-1.jpg\" class=\"attachment-large size-large\" alt=\"\" loading=\"lazy\" srcset=\"https:\/\/dronesalpesservices.fr\/wp-content\/uploads\/2020\/09\/Mission-inspection-toiture-par-drone-Photogrammetrie-fb-AIX-LES-BAINS-506-337-1.jpg 507w, https:\/\/dronesalpesservices.fr\/wp-content\/uploads\/2020\/09\/Mission-inspection-toiture-par-drone-Photogrammetrie-fb-AIX-LES-BAINS-506-337-1-300x199.jpg 300w, https:\/\/dronesalpesservices.fr\/wp-content\/uploads\/2020\/09\/Mission-inspection-toiture-par-drone-Photogrammetrie-fb-AIX-LES-BAINS-506-337-1-400x265.jpg 400w, https:\/\/dronesalpesservices.fr\/wp-content\/uploads\/2020\/09\/Mission-inspection-toiture-par-drone-Photogrammetrie-fb-AIX-LES-BAINS-506-337-1-430x285.jpg 430w, https:\/\/dronesalpesservices.fr\/wp-content\/uploads\/2020\/09\/Mission-inspection-toiture-par-drone-Photogrammetrie-fb-AIX-LES-BAINS-506-337-1-150x99.jpg 150w, https:\/\/dronesalpesservices.fr\/wp-content\/uploads\/2020\/09\/Mission-inspection-toiture-par-drone-Photogrammetrie-fb-AIX-LES-BAINS-506-337-1-100x66.jpg 100w\" sizes=\"(max-width: 507px) 100vw, 507px\" \/>\t\t\t\t\t\t\t\t\t\t\t<\/div>\n\t\t\t\t<\/div>\n\t\t\t\t<\/div>\n\t\t\t\t\t\t<\/div>\n\t\t\t\t\t<\/div>\n\t\t<\/div>\n\t\t\t\t\t\t\t\t<\/div>\n\t\t\t\t\t<\/div>\n\t\t<\/section>\n\t\t\t\t<section class=\"elementor-section elementor-top-section elementor-element elementor-element-dbda0f7 elementor-section-boxed elementor-section-height-default elementor-section-height-default\" data-id=\"dbda0f7\" data-element_type=\"section\">\n\t\t\t\t\t\t<div class=\"elementor-container elementor-column-gap-default\">\n\t\t\t\t\t\t\t<div class=\"elementor-row\">\n\t\t\t\t\t<div class=\"elementor-column elementor-col-100 elementor-top-column elementor-element elementor-element-426af8b\" data-id=\"426af8b\" data-element_type=\"column\">\n\t\t\t<div class=\"elementor-column-wrap elementor-element-populated\">\n\t\t\t\t\t\t\t<div class=\"elementor-widget-wrap\">\n\t\t\t\t\t\t<div class=\"elementor-element elementor-element-b6bb142 elementor-widget elementor-widget-divider\" data-id=\"b6bb142\" data-element_type=\"widget\" data-widget_type=\"divider.default\">\n\t\t\t\t<div class=\"elementor-widget-container\">\n\t\t\t\t\t<div class=\"elementor-divider\">\n\t\t\t<span class=\"elementor-divider-separator\">\n\t\t\t\t\t\t<\/span>\n\t\t<\/div>\n\t\t\t\t<\/div>\n\t\t\t\t<\/div>\n\t\t\t\t<div class=\"elementor-element elementor-element-9d84cb1 elementor-widget elementor-widget-text-editor\" data-id=\"9d84cb1\" data-element_type=\"widget\" data-widget_type=\"text-editor.default\">\n\t\t\t\t<div class=\"elementor-widget-container\">\n\t\t\t\t\t<div class=\"elementor-text-editor elementor-clearfix\"><p>En tant que soci\u00e9t\u00e9 de service nous vous accompagnerons dans vos projets avec m\u00e9thode et suivant notre workflow interne, nous vous remettrons les livrables que vous attendez.<\/p><\/div>\n\t\t\t\t<\/div>\n\t\t\t\t<\/div>\n\t\t\t\t<div class=\"elementor-element elementor-element-bffaa1d elementor-widget elementor-widget-image\" data-id=\"bffaa1d\" data-element_type=\"widget\" data-widget_type=\"image.default\">\n\t\t\t\t<div class=\"elementor-widget-container\">\n\t\t\t\t\t<div class=\"elementor-image\">\n\t\t\t\t\t\t\t\t\t\t<img width=\"1024\" height=\"736\" src=\"https:\/\/dronesalpesservices.fr\/wp-content\/uploads\/2020\/09\/Pix4D-New_workflow-1200-1024x736.png\" class=\"attachment-large size-large\" alt=\"\" loading=\"lazy\" srcset=\"https:\/\/dronesalpesservices.fr\/wp-content\/uploads\/2020\/09\/Pix4D-New_workflow-1200-1024x736.png 1024w, https:\/\/dronesalpesservices.fr\/wp-content\/uploads\/2020\/09\/Pix4D-New_workflow-1200-300x216.png 300w, https:\/\/dronesalpesservices.fr\/wp-content\/uploads\/2020\/09\/Pix4D-New_workflow-1200-768x552.png 768w, https:\/\/dronesalpesservices.fr\/wp-content\/uploads\/2020\/09\/Pix4D-New_workflow-1200-750x539.png 750w, https:\/\/dronesalpesservices.fr\/wp-content\/uploads\/2020\/09\/Pix4D-New_workflow-1200-400x288.png 400w, https:\/\/dronesalpesservices.fr\/wp-content\/uploads\/2020\/09\/Pix4D-New_workflow-1200-430x309.png 430w, https:\/\/dronesalpesservices.fr\/wp-content\/uploads\/2020\/09\/Pix4D-New_workflow-1200-150x108.png 150w, https:\/\/dronesalpesservices.fr\/wp-content\/uploads\/2020\/09\/Pix4D-New_workflow-1200-100x72.png 100w, https:\/\/dronesalpesservices.fr\/wp-content\/uploads\/2020\/09\/Pix4D-New_workflow-1200.png 1200w\" sizes=\"(max-width: 1024px) 100vw, 1024px\" \/>\t\t\t\t\t\t\t\t\t\t\t<\/div>\n\t\t\t\t<\/div>\n\t\t\t\t<\/div>\n\t\t\t\t\t\t<\/div>\n\t\t\t\t\t<\/div>\n\t\t<\/div>\n\t\t\t\t\t\t\t\t<\/div>\n\t\t\t\t\t<\/div>\n\t\t<\/section>\n\t\t\t\t\t\t<\/div>\n\t\t\t\t\t\t<\/div>\n\t\t\t\t\t<\/div>\n\t\t","protected":false},"excerpt":{"rendered":"<p>Bienvenu dans un monde innovant et performant Notre r\u00e9seau de t\u00e9l\u00e9-pilotes professionnels certifi\u00e9s aupr\u00e8s de la DGAC et d&rsquo;experts pluridisciplinaires est organis\u00e9 autour de 3 p\u00f4les: BTP M\u00e9dia- Event Conseil [&hellip;]<\/p>\n","protected":false},"author":1,"featured_media":0,"parent":0,"menu_order":0,"comment_status":"closed","ping_status":"closed","template":"","meta":[],"_links":{"self":[{"href":"https:\/\/dronesalpesservices.fr\/index.php\/wp-json\/wp\/v2\/pages\/11"}],"collection":[{"href":"https:\/\/dronesalpesservices.fr\/index.php\/wp-json\/wp\/v2\/pages"}],"about":[{"href":"https:\/\/dronesalpesservices.fr\/index.php\/wp-json\/wp\/v2\/types\/page"}],"author":[{"embeddable":true,"href":"https:\/\/dronesalpesservices.fr\/index.php\/wp-json\/wp\/v2\/users\/1"}],"replies":[{"embeddable":true,"href":"https:\/\/dronesalpesservices.fr\/index.php\/wp-json\/wp\/v2\/comments?post=11"}],"version-history":[{"count":39,"href":"https:\/\/dronesalpesservices.fr\/index.php\/wp-json\/wp\/v2\/pages\/11\/revisions"}],"predecessor-version":[{"id":418,"href":"https:\/\/dronesalpesservices.fr\/index.php\/wp-json\/wp\/v2\/pages\/11\/revisions\/418"}],"wp:attachment":[{"href":"https:\/\/dronesalpesservices.fr\/index.php\/wp-json\/wp\/v2\/media?parent=11"}],"curies":[{"name":"wp","href":"https:\/\/api.w.org\/{rel}","templated":true}]}}